{"id":99,"date":"2018-06-19T12:04:09","date_gmt":"2018-06-19T12:04:09","guid":{"rendered":"https:\/\/napvann.com\/?page_id=99"},"modified":"2026-03-26T20:35:02","modified_gmt":"2026-03-26T20:35:02","slug":"my-account","status":"publish","type":"page","link":"https:\/\/napvann.com\/ht\/my-account\/","title":{"rendered":"Kont mwen"},"content":{"rendered":"<div data-elementor-type=\"wp-page\" data-elementor-id=\"99\" class=\"elementor elementor-99\">\n\t\t\t\t\t\t<section class=\"elementor-section elementor-top-section elementor-element elementor-element-6d0b5ba9 elementor-section-boxed elementor-section-height-default elementor-section-height-default wd-section-disabled\" data-id=\"6d0b5ba9\" data-element_type=\"section\" data-e-type=\"section\">\n\t\t\t\t\t\t<div class=\"elementor-container elementor-column-gap-default\">\n\t\t\t\t\t<div class=\"elementor-column elementor-col-100 elementor-top-column elementor-element elementor-element-35058ddc\" data-id=\"35058ddc\" data-element_type=\"column\" data-e-type=\"column\">\n\t\t\t<div class=\"elementor-widget-wrap elementor-element-populated\">\n\t\t\t\t\t\t<div class=\"elementor-element elementor-element-cb9e26b elementor-widget elementor-widget-shortcode\" data-id=\"cb9e26b\" data-element_type=\"widget\" data-e-type=\"widget\" data-widget_type=\"shortcode.default\">\n\t\t\t\t<div class=\"elementor-widget-container\">\n\t\t\t\t\t\t\t<div class=\"elementor-shortcode\"><div class=\"woocommerce\"><div class=\"woocommerce-notices-wrapper\"><\/div>\n<div id=\"otp-popup\" style=\"display: none;\" class=\"cev-authorization-grid__visual\">\n\t<div class=\"otp_popup_inn\">\n\t\t<div class=\"otp_content\">\n\t\t\t<div class=\"cev-authorization-grid__holder\">\n\t\t\t\t<div class=\"cev-authorization-grid__inner\">\n\t\t\t\t\t<div class=\"cev-authorization\" style=\"background: #f5f5f5;\">\n\t\t\t\t\t\t<form class=\"cev_pin_verification_form\" method=\"post\" action=\"\">\n\t\t\t\t\t\t\t<section class=\"cev-authorization__holder\">\n\t\t\t\t\t\t\t\t<div class=\"back_btn\">\n\t\t\t\t\t\t\t\t\t<svg fill=\"#000000\" version=\"1.1\" id=\"Capa_1\" xmlns=\"http:\/\/www.w3.org\/2000\/svg\" viewbox=\"-6.07 -6.07 72.87 72.87\">\n\t\t\t\t\t\t\t\t\t\t<polygon points=\"0,30.365 29.737,60.105 29.737,42.733 60.731,42.729 60.731,18.001 29.737,17.999 29.737,0.625 \"><\/polygon>\n\t\t\t\t\t\t\t\t\t<\/svg>\n\t\t\t\t\t\t\t\t<\/div>\n\n\t\t\t\t\t\t\t\t<div class=\"popup_image\" style=\"width: 150px;\">\n\t\t\t\t\t\t\t\t\t\t\t\t\t\t\t\t\t\t\t<img decoding=\"async\" src=\"https:\/\/napvann.com\/wp-content\/plugins\/customer-email-verification-for-woocommerce\/assets\/css\/images\/email-verification-icon.svg\" alt=\"Verification icon\">\n\t\t\t\t\t\t\t\t\t\t\t\t\t\t\t\t\t<\/div>\n\n\t\t\t\t\t\t\t\t<div class=\"cev-authorization__heading\">\n\t\t\t\t\t\t\t\t\t<span class=\"cev-authorization__title\" style=\"font-size: 22px;\">\n\t\t\t\t\t\t\t\t\t\tVerify its you.\t\t\t\t\t\t\t\t\t<\/span>\n\t\t\t\t\t\t\t\t\t<span class=\"cev-authorization__description\">\n\t\t\t\t\t\t\t\t\t\tWe sent a verification code. To verify your email address, please check your inbox and enter the code below.\t\t\t\t\t\t\t\t\t<\/span>\n\t\t\t\t\t\t\t\t<\/div>\n\n\t\t\t\t\t\t\t\t<div class=\"cev-pin-verification\">\n\t\t\t\t\t\t\t\t\t<div class=\"otp-container\">\n\t\t\t\t\t\t\t\t\t\t\t\t\t\t\t\t\t\t\t\t\t<input type=\"text\" maxlength=\"1\" class=\"otp-input\" id=\"otp_input_1\" \/>\n\t\t\t\t\t\t\t\t\t\t\t\t\t\t\t\t\t\t\t\t\t<input type=\"text\" maxlength=\"1\" class=\"otp-input\" id=\"otp_input_2\" \/>\n\t\t\t\t\t\t\t\t\t\t\t\t\t\t\t\t\t\t\t\t\t<input type=\"text\" maxlength=\"1\" class=\"otp-input\" id=\"otp_input_3\" \/>\n\t\t\t\t\t\t\t\t\t\t\t\t\t\t\t\t\t\t\t\t\t<input type=\"text\" maxlength=\"1\" class=\"otp-input\" id=\"otp_input_4\" \/>\n\t\t\t\t\t\t\t\t\t\t\t\t\t\t\t\t\t\t\t<\/div>\n\n\t\t\t\t\t\t\t\t\t<input type=\"hidden\" name=\"cev_enable_email_verification_popup\" id=\"cev_enable_email_verification_popup\" value=\"1\">\n\t\t\t\t\t\t\t\t\t<input type=\"hidden\" name=\"password_setup_link_enabled\" id=\"password_setup_link_enabled\" value=\"yes\">\n\n\t\t\t\t\t\t\t\t\t<div class=\"error_mesg\"><\/div>\n\n\t\t\t\t\t\t\t\t\t<button id=\"verify-otp-button\" style=\"display: none;\" type=\"button\">Verify<\/button>\n\n\t\t\t\t\t\t\t\t\t<p class=\"resend_sucsess\" style=\"color: green; display:none\">Otp Sent Successfully<\/p>\n\t\t\t\t\t\t\t\t<\/div>\n\t\t\t\t\t\t\t<\/section>\n\n\t\t\t\t\t\t\t<footer class=\"cev-authorization__footer\" style=\"text-align: center;\">\n\t\t\t\t\t\t\t\tDidn't receive an email? \t\t\t<a href=\"https:\/\/napvann.com\/ht\/my-account\/?cev_redirect_limit_resend=MA=\" class=\"cev-link-try-again\">Try Again<\/a>\n\t\t\t\t\t\t\t\t\t\t<\/footer>\n\t\t\t\t\t\t<input\n                    class=\"apbct_special_field apbct_email_id__elementor_form\"\n                    name=\"apbct__email_id__elementor_form\"\n                    aria-label=\"apbct__label_id__elementor_form\"\n                    type=\"text\" size=\"30\" maxlength=\"200\" autocomplete=\"off\"\n                    value=\"\"\n                \/><input type=\"hidden\" name=\"trp-form-language\" value=\"ht\"\/><\/form>\n\t\t\t\t\t<\/div>\n\t\t\t\t<\/div>\n\t\t\t<\/div>\n\t\t<\/div>\n\t<\/div>\n<\/div>\n\n<style>\n\t.cev-authorization-grid__visual {\n\t\tbackground-color: rgba(255,255,255,0.7 ) !important;\n\t}\n\thtml {\n\t\tbackground: none;\n\t}\n\tfooter#footer {\n\t\tdisplay: none;\n\t}\n\t.customize-partial-edit-shortcut-button {\n\t\tdisplay: none;\n\t}\n<\/style>\n\n<div class=\"wd-registration-page wd-register-tabs\">\n\n\n<div class=\"row\" id=\"customer_login\">\n\n\t<div class=\"col-12 col-md-6 col-login\">\n\n\n\t\t<h2 class=\"wd-login-title\" data-no-translation=\"\" data-trp-gettext=\"\">Ouvri sesyon an<\/h2>\n\n\t\t\t\t\t<form method=\"post\" class=\"login woocommerce-form woocommerce-form-login\" action=\"https:\/\/napvann.com\/ht\/my-account\/?action=login\" data-trp-original-action=\"https:\/\/napvann.com\/ht\/my-account\/?action=login\" >\n\n\t\t\t\t\n\t\t\t\t\n\t\t\t\t<p class=\"woocommerce-FormRow woocommerce-FormRow--wide form-row form-row-wide form-row-username\">\n\t\t\t\t\t<label for=\"username\">Non itilizat\u00e8 oswa adr\u00e8s imel&nbsp;<span class=\"required\">*<\/span><\/label>\n\t\t\t\t\t<input type=\"text\" class=\"woocommerce-Input woocommerce-Input--text input-text\" name=\"username\" id=\"username\" value=\"\" \/>\t\t\t\t<\/p>\n\t\t\t\t<p class=\"woocommerce-FormRow woocommerce-FormRow--wide form-row form-row-wide form-row-password\">\n\t\t\t\t\t<label for=\"password\">Password&nbsp;<span class=\"required\">*<\/span><\/label>\n\t\t\t\t\t<input class=\"woocommerce-Input woocommerce-Input--text input-text\" type=\"password\" name=\"password\" id=\"password\" autocomplete=\"current-password\" \/>\n\t\t\t\t<\/p>\n\n\t\t\t\t<div class=\"g-recaptcha\" style=\"transform: scale(0.9); -webkit-transform: scale(0.9); transform-origin: 0 0; -webkit-transform-origin: 0 0;\" data-sitekey=\"6Le4u5ksAAAAAEdLmXjfb9GrsUJHoklQUZRttn1j\"><\/div><script>\r\n                    function wpcaptcha_captcha_refresh() {\r\n                        grecaptcha.reset();\r\n                    }\r\n\r\n                    jQuery(document.body).on(\"checkout_error\", function(){\r\n                        setTimeout(wpcaptcha_captcha_refresh, 50);\r\n                    });\r\n\r\n                    jQuery(document.body).on(\"updated_checkout\", function(){\r\n                        setTimeout(wpcaptcha_captcha_refresh, 50);\r\n                    });\r\n                <\/script><script src='https:\/\/www.google.com\/recaptcha\/api.js?ver=1.34' id='wpcaptcha-recaptcha-js'><\/script>\n\t\t\t\t<p class=\"form-row\">\n\t\t\t\t\t<input type=\"hidden\" id=\"woocommerce-login-nonce\" name=\"woocommerce-login-nonce\" value=\"43e68cc9f7\" \/><input type=\"hidden\" name=\"_wp_http_referer\" value=\"\/ht\/wp-json\/wp\/v2\/pages\/99\" \/>\t\t\t\t\t\t\t\t\t\t<button type=\"submit\" class=\"button woocommerce-button woocommerce-form-login__submit\" name=\"login\" value=\"Log in\">Log in<\/button>\n\t\t\t\t<\/p>\n\n\t\t\t\t<div class=\"login-form-footer\">\n\t\t\t\t\t<a href=\"https:\/\/napvann.com\/ht\/my-account\/lost-password\/\" class=\"woocommerce-LostPassword lost_password\">Lost your password?<\/a>\n\t\t\t\t\t<label class=\"woocommerce-form__label woocommerce-form__label-for-checkbox woocommerce-form-login__rememberme\">\n\t\t\t\t\t\t<input class=\"woocommerce-form__input woocommerce-form__input-checkbox\" name=\"rememberme\" type=\"checkbox\" value=\"forever\" title=\"Remember me\" aria-label=\"Remember me\" \/> <span>Remember me<\/span>\n\t\t\t\t\t<\/label>\n\t\t\t\t<\/div>\n\t\t\t\t\n\t\t\t\t\n\t\t\t\t\n\t\t\t<input\n                    class=\"apbct_special_field apbct_email_id__elementor_form\"\n                    name=\"apbct__email_id__elementor_form\"\n                    aria-label=\"apbct__label_id__elementor_form\"\n                    type=\"text\" size=\"30\" maxlength=\"200\" autocomplete=\"off\"\n                    value=\"\"\n                \/><input type=\"hidden\" name=\"trp-form-language\" value=\"ht\"\/><\/form>\n\n\t\t\t\t\n\n\t<\/div>\n\n\t<div class=\"col-12 col-md-6 col-register\">\n\n\t\t<h2 class=\"wd-login-title\" data-no-translation=\"\" data-trp-gettext=\"\">Enskri<\/h2>\n\n\t\t<form method=\"post\" action=\"https:\/\/napvann.com\/ht\/my-account\/?action=register\" class=\"woocommerce-form woocommerce-form-register register\" data-trp-original-action=\"https:\/\/napvann.com\/ht\/my-account\/?action=register\"  >\n\n\t\t\t\n\t\t\t\n\t\t\t<p class=\"woocommerce-FormRow woocommerce-FormRow--wide form-row form-row-wide\">\n\t\t\t\t<label for=\"reg_email\">Adr\u00e8s imel&nbsp;<span class=\"required\">*<\/span><\/label>\n\t\t\t\t<input type=\"email\" class=\"woocommerce-Input woocommerce-Input--text input-text\" name=\"email\" id=\"reg_email\" autocomplete=\"email\" value=\"\" \/>\n\t\t\t<\/p>\n\n\t\t\t\n\t\t\t\t<p data-no-translation=\"\" data-trp-gettext=\"\">A password will be sent to your email address.<\/p>\n\n\t\t\t\n\t\t\t<!-- Spam Trap -->\n\t\t\t<div style=\"left: -999em; position: absolute;\"><label for=\"trap\" data-no-translation=\"\" data-trp-gettext=\"\">Anti-spam<\/label><input type=\"text\" name=\"email_2\" id=\"trap\" tabindex=\"-1\" \/><\/div>\n\n\t\t\t<div class=\"g-recaptcha\" style=\"transform: scale(0.9); -webkit-transform: scale(0.9); transform-origin: 0 0; -webkit-transform-origin: 0 0;\" data-sitekey=\"6Le4u5ksAAAAAEdLmXjfb9GrsUJHoklQUZRttn1j\"><\/div><script>\r\n                    function wpcaptcha_captcha_refresh() {\r\n                        grecaptcha.reset();\r\n                    }\r\n\r\n                    jQuery(document.body).on(\"checkout_error\", function(){\r\n                        setTimeout(wpcaptcha_captcha_refresh, 50);\r\n                    });\r\n\r\n                    jQuery(document.body).on(\"updated_checkout\", function(){\r\n                        setTimeout(wpcaptcha_captcha_refresh, 50);\r\n                    });\r\n                <\/script><script src='https:\/\/www.google.com\/recaptcha\/api.js?ver=1.34' id='wpcaptcha-recaptcha-js'><\/script><wc-order-attribution-inputs><\/wc-order-attribution-inputs><div class=\"woocommerce-privacy-policy-text\"><p>Your personal data will be used to support your experience throughout this website, to manage access to your account, and for other purposes described in our <a href=\"https:\/\/napvann.com\/ht\/?p=3980\" class=\"woocommerce-privacy-policy-link\" target=\"_blank\" data-no-translation=\"\" data-trp-gettext=\"\">politik konfidansyalite<\/a>.<\/p>\n<\/div>\t\t\t\n\t\t\t<p class=\"woocommerce-form-row form-row\">\n\t\t\t\t<input type=\"hidden\" id=\"_wpnonce\" name=\"_wpnonce\" value=\"12ef9ff39f\" \/><input type=\"hidden\" name=\"_wp_http_referer\" value=\"\/ht\/wp-json\/wp\/v2\/pages\/99\" \/>\t\t\t\t<button type=\"submit\" class=\"woocommerce-Button button\" name=\"register\" value=\"Enskri\" data-no-translation=\"\" data-trp-gettext=\"\" data-no-translation-value=\"\">Enskri<\/button>\n\t\t\t<\/p>\n\n\t\t\t<div class=\"wcfmmp_become_vendor_link\"><a href=\"https:\/\/napvann.com\/ht\/vendor-register\/\">Become a Vendor<\/a><\/div>\n\t\t<input\n                    class=\"apbct_special_field apbct_email_id__elementor_form\"\n                    name=\"apbct__email_id__elementor_form\"\n                    aria-label=\"apbct__label_id__elementor_form\"\n                    type=\"text\" size=\"30\" maxlength=\"200\" autocomplete=\"off\"\n                    value=\"\"\n                \/><input type=\"hidden\" name=\"trp-form-language\" value=\"ht\"\/><\/form>\n\n\t<\/div>\n\n\t\t\t<div class=\"col-12 col-md-6 col-register-text\">\n\n\t\t\t<div class=\"title wd-login-divider register-or\"><span>Or<\/span><\/div>\n\n\t\t\t\n\t\t\t\t\t\t\t<h2 class=\"wd-login-title\">Enskri<\/h2>\n\t\t\t\n\t\t\t\n\t\t\t\t\t\t\t<div class=\"registration-info\">Anrejistre sou sit sa a p\u00e8m\u00e8t ou jwenn aks\u00e8 nan estati l\u00f2d ou ak istwa. Jis ranpli jaden ki anba yo, epi nou pral jwenn yon nouvo kont mete kanpe pou ou nan yon ti tan. Nou pral s\u00e8lman mande w enf\u00f2masyon ki neses\u00e8 pou f\u00e8 pwosesis acha a pi vit ak pi fasil.<\/div>\n\t\t\t\n\t\t\t\n\t\t\t<a href=\"#\" rel=\"nofollow noopener\" class=\"btn wd-switch-to-register\" data-login=\"Ouvri sesyon an\" data-login-title=\"Login\" data-reg-title=\"Register\" data-register=\"Enskri\" data-no-translation=\"\" data-trp-gettext=\"\" data-no-translation-data-login=\"\" data-no-translation-data-register=\"\">Enskri<\/a>\n\n\t\t<\/div>\n\t\t\n<\/div>\n\n<\/div>\n\n<\/div><\/div>\n\t\t\t\t\t\t<\/div>\n\t\t\t\t<\/div>\n\t\t\t\t\t<\/div>\n\t\t<\/div>\n\t\t\t\t\t<\/div>\n\t\t<\/section>\n\t\t\t\t<section class=\"elementor-section elementor-top-section elementor-element elementor-element-2e7406e elementor-section-boxed elementor-section-height-default elementor-section-height-default wd-section-disabled\" data-id=\"2e7406e\" data-element_type=\"section\" data-e-type=\"section\">\n\t\t\t\t\t\t<div class=\"elementor-container elementor-column-gap-default\">\n\t\t\t\t\t<div class=\"elementor-column elementor-col-100 elementor-top-column elementor-element elementor-element-604447e\" data-id=\"604447e\" data-element_type=\"column\" data-e-type=\"column\">\n\t\t\t<div class=\"elementor-widget-wrap elementor-element-populated\">\n\t\t\t\t\t\t<section class=\"elementor-section elementor-inner-section elementor-element elementor-element-1e456a8 elementor-section-boxed elementor-section-height-default elementor-section-height-default wd-section-disabled\" data-id=\"1e456a8\" data-element_type=\"section\" data-e-type=\"section\">\n\t\t\t\t\t\t<div class=\"elementor-container elementor-column-gap-default\">\n\t\t\t\t\t<div class=\"elementor-column elementor-col-33 elementor-inner-column elementor-element elementor-element-fcf6419\" data-id=\"fcf6419\" data-element_type=\"column\" data-e-type=\"column\">\n\t\t\t<div class=\"elementor-widget-wrap\">\n\t\t\t\t\t\t\t<\/div>\n\t\t<\/div>\n\t\t\t\t<div class=\"elementor-column elementor-col-33 elementor-inner-column elementor-element elementor-element-dd2b349\" data-id=\"dd2b349\" data-element_type=\"column\" data-e-type=\"column\">\n\t\t\t<div class=\"elementor-widget-wrap elementor-element-populated\">\n\t\t\t\t\t\t<div class=\"elementor-element elementor-element-f8435b7 color-scheme-inherit text-left elementor-widget elementor-widget-text-editor\" data-id=\"f8435b7\" data-element_type=\"widget\" data-e-type=\"widget\" data-widget_type=\"text-editor.default\">\n\t\t\t\t<div class=\"elementor-widget-container\">\n\t\t\t\t\t\t\t\t\t<p>*Si ou vle anrejistre k\u00f2m Vand\u00e8 epi lis pwodwi yo\u00a0<\/p>\t\t\t\t\t\t\t\t<\/div>\n\t\t\t\t<\/div>\n\t\t\t\t<div class=\"elementor-element elementor-element-f5af86c elementor-widget elementor-widget-wd_button\" data-id=\"f5af86c\" data-element_type=\"widget\" data-e-type=\"widget\" data-widget_type=\"wd_button.default\">\n\t\t\t\t<div class=\"elementor-widget-container\">\n\t\t\t\t\t\t\t<div class=\"wd-button-wrapper text-center\" >\n\t\t\t<a class=\"btn btn-style-3d btn-shape-rectangle btn-size-default btn-color-primary btn-icon-pos-right\"  href=\"https:\/\/napvann.com\/ht\/vendor-register\/\">\n\t\t\t\t<span class=\"wd-btn-text\" data-elementor-setting-key=\"text\">\n\t\t\t\t\tEnskri vand\u00e8\t\t\t\t<\/span>\n\n\t\t\t\t\t\t\t<\/a>\n\t\t<\/div>\n\t\t\t\t\t\t<\/div>\n\t\t\t\t<\/div>\n\t\t\t\t\t<\/div>\n\t\t<\/div>\n\t\t\t\t<div class=\"elementor-column elementor-col-33 elementor-inner-column elementor-element elementor-element-12c2789\" data-id=\"12c2789\" data-element_type=\"column\" data-e-type=\"column\">\n\t\t\t<div class=\"elementor-widget-wrap\">\n\t\t\t\t\t\t\t<\/div>\n\t\t<\/div>\n\t\t\t\t\t<\/div>\n\t\t<\/section>\n\t\t\t\t\t<\/div>\n\t\t<\/div>\n\t\t\t\t\t<\/div>\n\t\t<\/section>\n\t\t\t\t<section class=\"elementor-section elementor-top-section elementor-element elementor-element-482c6eb elementor-section-boxed elementor-section-height-default elementor-section-height-default wd-section-disabled\" data-id=\"482c6eb\" data-element_type=\"section\" data-e-type=\"section\">\n\t\t\t\t\t\t<div class=\"elementor-container elementor-column-gap-default\">\n\t\t\t\t\t<div class=\"elementor-column elementor-col-100 elementor-top-column elementor-element elementor-element-6f80735\" data-id=\"6f80735\" data-element_type=\"column\" data-e-type=\"column\">\n\t\t\t<div class=\"elementor-widget-wrap\">\n\t\t\t\t\t\t\t<\/div>\n\t\t<\/div>\n\t\t\t\t\t<\/div>\n\t\t<\/section>\n\t\t\t\t<\/div>","protected":false},"excerpt":{"rendered":"<p>*If you wish to register as Seller and list products\u00a0 Seller Register<\/p>","protected":false},"author":1,"featured_media":0,"parent":0,"menu_order":0,"comment_status":"closed","ping_status":"closed","template":"","meta":{"_acf_changed":false,"footnotes":""},"class_list":["post-99","page","type-page","status-publish","hentry"],"acf":[],"yoast_head":"<!-- This site is optimized with the Yoast SEO plugin v27.4 - https:\/\/yoast.com\/product\/yoast-seo-wordpress\/ -->\n<title>My account - NapVan&#039;n<\/title>\n<meta name=\"description\" content=\"Shop the latest fashion, electronics, home essentials, furniture, toys &amp; video games at napvann.com. Fast shipping, great prices, and secure checkout. Your one-stop online store for everything you need!\" \/>\n<meta name=\"robots\" content=\"index, follow, max-snippet:-1, max-image-preview:large, max-video-preview:-1\" \/>\n<link rel=\"canonical\" href=\"https:\/\/napvann.com\/ht\/my-account\/\" \/>\n<meta property=\"og:locale\" content=\"ht_HT\" \/>\n<meta property=\"og:type\" content=\"article\" \/>\n<meta property=\"og:title\" content=\"My account - NapVan&#039;n\" \/>\n<meta property=\"og:description\" content=\"Shop the latest fashion, electronics, home essentials, furniture, toys &amp; video games at napvann.com. Fast shipping, great prices, and secure checkout. Your one-stop online store for everything you need!\" \/>\n<meta property=\"og:url\" content=\"https:\/\/napvann.com\/ht\/my-account\/\" \/>\n<meta property=\"og:site_name\" content=\"NapVan&#039;n\" \/>\n<meta property=\"article:modified_time\" content=\"2026-03-26T20:35:02+00:00\" \/>\n<meta name=\"twitter:card\" content=\"summary_large_image\" \/>\n<meta name=\"twitter:label1\" content=\"Est. reading time\" \/>\n\t<meta name=\"twitter:data1\" content=\"1 minute\" \/>\n<script type=\"application\/ld+json\" class=\"yoast-schema-graph\">{\"@context\":\"https:\\\/\\\/schema.org\",\"@graph\":[{\"@type\":\"WebPage\",\"@id\":\"https:\\\/\\\/napvann.com\\\/my-account\\\/\",\"url\":\"https:\\\/\\\/napvann.com\\\/my-account\\\/\",\"name\":\"My account - NapVan&#039;n\",\"isPartOf\":{\"@id\":\"https:\\\/\\\/napvann.com\\\/en\\\/#website\"},\"datePublished\":\"2018-06-19T12:04:09+00:00\",\"dateModified\":\"2026-03-26T20:35:02+00:00\",\"description\":\"Shop the latest fashion, electronics, home essentials, furniture, toys & video games at napvann.com. Fast shipping, great prices, and secure checkout. Your one-stop online store for everything you need!\",\"breadcrumb\":{\"@id\":\"https:\\\/\\\/napvann.com\\\/my-account\\\/#breadcrumb\"},\"inLanguage\":\"ht\",\"potentialAction\":[{\"@type\":\"ReadAction\",\"target\":[\"https:\\\/\\\/napvann.com\\\/my-account\\\/\"]}]},{\"@type\":\"BreadcrumbList\",\"@id\":\"https:\\\/\\\/napvann.com\\\/my-account\\\/#breadcrumb\",\"itemListElement\":[{\"@type\":\"ListItem\",\"position\":1,\"name\":\"Home\",\"item\":\"https:\\\/\\\/napvann.com\\\/\"},{\"@type\":\"ListItem\",\"position\":2,\"name\":\"My account\"}]},{\"@type\":\"WebSite\",\"@id\":\"https:\\\/\\\/napvann.com\\\/en\\\/#website\",\"url\":\"https:\\\/\\\/napvann.com\\\/en\\\/\",\"name\":\"NapVan'n\",\"description\":\"We are selling\",\"publisher\":{\"@id\":\"https:\\\/\\\/napvann.com\\\/en\\\/#\\\/schema\\\/person\\\/c0dd6af414b0e8d261852844043be3d4\"},\"potentialAction\":[{\"@type\":\"SearchAction\",\"target\":{\"@type\":\"EntryPoint\",\"urlTemplate\":\"https:\\\/\\\/napvann.com\\\/en\\\/?s={search_term_string}\"},\"query-input\":{\"@type\":\"PropertyValueSpecification\",\"valueRequired\":true,\"valueName\":\"search_term_string\"}}],\"inLanguage\":\"ht\"},{\"@type\":[\"Person\",\"Organization\"],\"@id\":\"https:\\\/\\\/napvann.com\\\/en\\\/#\\\/schema\\\/person\\\/c0dd6af414b0e8d261852844043be3d4\",\"name\":\"T3l3l0u\",\"image\":{\"@type\":\"ImageObject\",\"inLanguage\":\"ht\",\"@id\":\"https:\\\/\\\/napvann.com\\\/wp-content\\\/uploads\\\/2023\\\/10\\\/cropped-napvann-ratina.png\",\"url\":\"https:\\\/\\\/napvann.com\\\/wp-content\\\/uploads\\\/2023\\\/10\\\/cropped-napvann-ratina.png\",\"contentUrl\":\"https:\\\/\\\/napvann.com\\\/wp-content\\\/uploads\\\/2023\\\/10\\\/cropped-napvann-ratina.png\",\"width\":512,\"height\":512,\"caption\":\"T3l3l0u\"},\"logo\":{\"@id\":\"https:\\\/\\\/napvann.com\\\/wp-content\\\/uploads\\\/2023\\\/10\\\/cropped-napvann-ratina.png\"}}]}<\/script>\n<!-- \/ Yoast SEO plugin. -->","yoast_head_json":{"title":"My account - NapVan&#039;n","description":"Shop the latest fashion, electronics, home essentials, furniture, toys & video games at napvann.com. Fast shipping, great prices, and secure checkout. Your one-stop online store for everything you need!","robots":{"index":"index","follow":"follow","max-snippet":"max-snippet:-1","max-image-preview":"max-image-preview:large","max-video-preview":"max-video-preview:-1"},"canonical":"https:\/\/napvann.com\/ht\/my-account\/","og_locale":"ht_HT","og_type":"article","og_title":"My account - NapVan&#039;n","og_description":"Shop the latest fashion, electronics, home essentials, furniture, toys & video games at napvann.com. Fast shipping, great prices, and secure checkout. Your one-stop online store for everything you need!","og_url":"https:\/\/napvann.com\/ht\/my-account\/","og_site_name":"NapVan&#039;n","article_modified_time":"2026-03-26T20:35:02+00:00","twitter_card":"summary_large_image","twitter_misc":{"Est. reading time":"1 minute"},"schema":{"@context":"https:\/\/schema.org","@graph":[{"@type":"WebPage","@id":"https:\/\/napvann.com\/my-account\/","url":"https:\/\/napvann.com\/my-account\/","name":"My account - NapVan&#039;n","isPartOf":{"@id":"https:\/\/napvann.com\/en\/#website"},"datePublished":"2018-06-19T12:04:09+00:00","dateModified":"2026-03-26T20:35:02+00:00","description":"Shop the latest fashion, electronics, home essentials, furniture, toys & video games at napvann.com. Fast shipping, great prices, and secure checkout. Your one-stop online store for everything you need!","breadcrumb":{"@id":"https:\/\/napvann.com\/my-account\/#breadcrumb"},"inLanguage":"ht","potentialAction":[{"@type":"ReadAction","target":["https:\/\/napvann.com\/my-account\/"]}]},{"@type":"BreadcrumbList","@id":"https:\/\/napvann.com\/my-account\/#breadcrumb","itemListElement":[{"@type":"ListItem","position":1,"name":"Home","item":"https:\/\/napvann.com\/"},{"@type":"ListItem","position":2,"name":"My account"}]},{"@type":"WebSite","@id":"https:\/\/napvann.com\/en\/#website","url":"https:\/\/napvann.com\/en\/","name":"NapVan'n","description":"We are selling","publisher":{"@id":"https:\/\/napvann.com\/en\/#\/schema\/person\/c0dd6af414b0e8d261852844043be3d4"},"potentialAction":[{"@type":"SearchAction","target":{"@type":"EntryPoint","urlTemplate":"https:\/\/napvann.com\/en\/?s={search_term_string}"},"query-input":{"@type":"PropertyValueSpecification","valueRequired":true,"valueName":"search_term_string"}}],"inLanguage":"ht"},{"@type":["Person","Organization"],"@id":"https:\/\/napvann.com\/en\/#\/schema\/person\/c0dd6af414b0e8d261852844043be3d4","name":"T3l3l0u","image":{"@type":"ImageObject","inLanguage":"ht","@id":"https:\/\/napvann.com\/wp-content\/uploads\/2023\/10\/cropped-napvann-ratina.png","url":"https:\/\/napvann.com\/wp-content\/uploads\/2023\/10\/cropped-napvann-ratina.png","contentUrl":"https:\/\/napvann.com\/wp-content\/uploads\/2023\/10\/cropped-napvann-ratina.png","width":512,"height":512,"caption":"T3l3l0u"},"logo":{"@id":"https:\/\/napvann.com\/wp-content\/uploads\/2023\/10\/cropped-napvann-ratina.png"}}]}},"_links":{"self":[{"href":"https:\/\/napvann.com\/ht\/wp-json\/wp\/v2\/pages\/99","targetHints":{"allow":["GET"]}}],"collection":[{"href":"https:\/\/napvann.com\/ht\/wp-json\/wp\/v2\/pages"}],"about":[{"href":"https:\/\/napvann.com\/ht\/wp-json\/wp\/v2\/types\/page"}],"author":[{"embeddable":true,"href":"https:\/\/napvann.com\/ht\/wp-json\/wp\/v2\/users\/1"}],"replies":[{"embeddable":true,"href":"https:\/\/napvann.com\/ht\/wp-json\/wp\/v2\/comments?post=99"}],"version-history":[{"count":3,"href":"https:\/\/napvann.com\/ht\/wp-json\/wp\/v2\/pages\/99\/revisions"}],"predecessor-version":[{"id":12928,"href":"https:\/\/napvann.com\/ht\/wp-json\/wp\/v2\/pages\/99\/revisions\/12928"}],"wp:attachment":[{"href":"https:\/\/napvann.com\/ht\/wp-json\/wp\/v2\/media?parent=99"}],"curies":[{"name":"wp","href":"https:\/\/api.w.org\/{rel}","templated":true}]}}