{"id":12162,"date":"2023-10-06T13:21:55","date_gmt":"2023-10-06T13:21:55","guid":{"rendered":"https:\/\/napvann.com\/?page_id=12162"},"modified":"2023-10-06T13:22:10","modified_gmt":"2023-10-06T13:22:10","slug":"refund_returns","status":"publish","type":"page","link":"https:\/\/napvann.com\/ht\/refund_returns\/","title":{"rendered":"R\u00e8gleman ranbousman ak retounen"},"content":{"rendered":"<p><\/p>\n\n\n\n<p><h3>Ap\u00e8si sou lek\u00f2l la<\/h3><\/p>\n\n\n\n<p>R\u00e8gleman ranbousman ak retounen nou an dire 30 jou. Si 30 jou te pase depi acha ou a, nou pa ka ofri ou yon ranbousman konpl\u00e8 oswa echanj.<\/p>\n\n\n\n<p>Pou w ka kalifye pou yon retounen, atik ou a dwe pa itilize ak nan menm kondisyon ke ou te resevwa li. Li dwe tou nan anbalaj orijinal la.<\/p>\n\n\n\n<p>Plizy\u00e8 kalite machandiz yo egzante pou yo te retounen. Byen ki ka gate tankou manje, fl\u00e8, jounal oswa magazin pa ka retounen. Nou pa aksepte tou pwodwi ki se machandiz entim oswa sanit\u00e8, matery\u00e8l danjere, oswa likid oswa gaz ki ka pran dife.<\/p>\n\n\n\n<p>L\u00f2t atik ki pa ka retounen:<\/p>\n\n\n\n<ul class=\"wp-block-list\">\n<li>Kat kado<\/li>\n\n\n\n<li>Pwodwi lojisy\u00e8l telechaje<\/li>\n\n\n\n<li>K\u00e8k atik sante ak swen p\u00e8son\u00e8l<\/li>\n<\/ul>\n\n\n\n<p>Pou w konplete retounen w la, nou bezwen yon resi oswa yon pr\u00e8v acha.<\/p>\n\n\n\n<p>Tanpri pa voye acha ou tounen bay manifakti a.<\/p>\n\n\n\n<p>Gen s\u00e8ten sitiyasyon kote s\u00e8lman ranbousman pasy\u00e8l yo ak\u00f2de:<\/p>\n\n\n\n<ul class=\"wp-block-list\">\n<li>Liv ak siy evidan itilizasyon<\/li>\n\n\n\n<li>CD, DVD, kas\u00e8t VHS, lojisy\u00e8l, jw\u00e8t videyo, kas\u00e8t, oswa dosye vinil ki te louvri.<\/li>\n\n\n\n<li>Nenp\u00f2t atik ki pa nan kondisyon orijinal li, ki domaje oswa ki manke pati pou rezon ki pa ak\u00f2z er\u00e8 nou an.<\/li>\n\n\n\n<li>Nenp\u00f2t atik ki retounen plis pase 30 jou apre livrezon<\/li>\n<\/ul>\n\n\n\n<p><h2>Ranbousman<\/h2><\/p>\n\n\n\n<p>Yon fwa ke yo resevwa retounen ou ak enspekte, n ap voye yon im\u00e8l ba ou pou f\u00e8 w konnen ke nou te resevwa atik ou retounen. N ap f\u00e8 w konnen tou apwobasyon oswa rejte ranbousman w la.<\/p>\n\n\n\n<p>Si yo apwouve w, yo pral trete ranbousman w la, epi yo pral aplike yon kredi otomatikman sou kat kredi w oswa met\u00f2d orijinal peman w lan, nan yon s\u00e8ten kantite jou.<\/p>\n\n\n\n<p><b>Ranbousman an reta oswa ki manke<\/b><\/p>\n\n\n\n<p>Si ou poko resevwa yon ranbousman, premye tcheke kont labank ou ank\u00f2.<\/p>\n\n\n\n<p>L\u00e8 sa a, kontakte konpayi kat kredi ou a, li ka pran k\u00e8k tan anvan ranbousman ou a ofisy\u00e8lman afiche.<\/p>\n\n\n\n<p>Apre sa kontakte bank ou. Gen souvan k\u00e8k tan pwosesis anvan yo afiche yon ranbousman.<\/p>\n\n\n\n<p>Si ou te f\u00e8 tout bagay sa yo epi ou poko resevwa ranbousman ou toujou, tanpri kontakte nou nan {adr\u00e8s imel}.<\/p>\n\n\n\n<p><b>Atik vann<\/b><\/p>\n\n\n\n<p>Se s\u00e8lman atik ki koute ch\u00e8 yo ka ranbouse. Atik vann yo pa ka ranbouse.<\/p>\n\n\n\n<p><h2>Echanj<\/h2><\/p>\n\n\n\n<p>Nou s\u00e8lman ranplase atik yo si yo defo oswa domaje. Si ou bezwen chanje li pou menm atik la, voye yon im\u00e8l ba nou nan {adr\u00e8s imel} epi voye atik ou a nan: {adr\u00e8s fizik}.<\/p>\n\n\n\n<p><h2>Kado<\/h2><\/p>\n\n\n\n<p>Si yo te make atik la k\u00f2m yon kado l\u00e8 yo te achte ak anbake dir\u00e8kteman ba ou, ou pral resevwa yon kredi kado pou val\u00e8 retounen ou an. Yon fwa yo resevwa atik la retounen, yo pral voye yon s\u00e8tifika kado ba ou.<\/p>\n\n\n\n<p>Si atik la pa te make k\u00f2m yon kado l\u00e8 yo te achte a, oswa moun k ap bay kado a te voye l\u00f2d la ba yo pou yo ba ou pita, n ap voye yon ranbousman bay moun ki bay kado a epi yo pral jwenn enf\u00f2masyon sou retounen ou.<\/p>\n\n\n\n<p><h2>Anbake retounen<\/h2><\/p>\n\n\n\n<p>Pou retounen pwodwi ou a, ou ta dwe poste pwodwi ou a nan: {adr\u00e8s fizik}.<\/p>\n\n\n\n<p>Ou pral responsab pou peye pou pw\u00f2p depans anbake ou pou retounen atik ou a. Depans transp\u00f2 yo pa ranbousab. Si w resevwa yon ranbousman, yo pral dedwi pri a nan anbake retounen nan ranbousman ou.<\/p>\n\n\n\n<p>Tou depan de kote w ap viv, tan li ka pran pou pwodwi echanj ou a rive jwenn ou ka varye.<\/p>\n\n\n\n<p>Si w ap retounen atik ki pi ch\u00e8, ou ka konsidere itilize yon s\u00e8vis anbakman trackable oswa achte asirans anbake. Nou pa garanti ke nou pral resevwa atik ou retounen.<\/p>\n\n\n\n<p><h2>Bezwen \u00e8d?<\/h2><\/p>\n\n\n\n<p>Kontakte nou nan {imel} pou kesyon ki gen rap\u00f2 ak ranbousman ak retounen.<\/p>","protected":false},"excerpt":{"rendered":"<p>Overview Our refund and returns policy lasts 30 days. If 30 days have passed since your purchase, we can\u2019t offer<\/p>","protected":false},"author":1,"featured_media":0,"parent":0,"menu_order":0,"comment_status":"closed","ping_status":"closed","template":"","meta":{"_acf_changed":false,"footnotes":""},"class_list":["post-12162","page","type-page","status-publish","hentry"],"acf":[],"yoast_head":"<!-- This site is optimized with the Yoast SEO plugin v27.4 - https:\/\/yoast.com\/product\/yoast-seo-wordpress\/ -->\n<title>Refund and Returns Policy - NapVan&#039;n<\/title>\n<meta name=\"robots\" content=\"index, follow, max-snippet:-1, max-image-preview:large, max-video-preview:-1\" \/>\n<link rel=\"canonical\" href=\"https:\/\/napvann.com\/ht\/refund_returns\/\" \/>\n<meta property=\"og:locale\" content=\"ht_HT\" \/>\n<meta property=\"og:type\" content=\"article\" \/>\n<meta property=\"og:title\" content=\"Refund and Returns Policy - NapVan&#039;n\" \/>\n<meta property=\"og:description\" content=\"Overview Our refund and returns policy lasts 30 days. If 30 days have passed since your purchase, we can\u2019t offer\" \/>\n<meta property=\"og:url\" content=\"https:\/\/napvann.com\/ht\/refund_returns\/\" \/>\n<meta property=\"og:site_name\" content=\"NapVan&#039;n\" \/>\n<meta property=\"article:modified_time\" content=\"2023-10-06T13:22:10+00:00\" \/>\n<meta name=\"twitter:card\" content=\"summary_large_image\" \/>\n<meta name=\"twitter:label1\" content=\"Est. reading time\" \/>\n\t<meta name=\"twitter:data1\" content=\"3 minutes\" \/>\n<script type=\"application\/ld+json\" class=\"yoast-schema-graph\">{\"@context\":\"https:\\\/\\\/schema.org\",\"@graph\":[{\"@type\":\"WebPage\",\"@id\":\"https:\\\/\\\/napvann.com\\\/refund_returns\\\/\",\"url\":\"https:\\\/\\\/napvann.com\\\/refund_returns\\\/\",\"name\":\"Refund and Returns Policy - NapVan&#039;n\",\"isPartOf\":{\"@id\":\"https:\\\/\\\/napvann.com\\\/en\\\/#website\"},\"datePublished\":\"2023-10-06T13:21:55+00:00\",\"dateModified\":\"2023-10-06T13:22:10+00:00\",\"breadcrumb\":{\"@id\":\"https:\\\/\\\/napvann.com\\\/refund_returns\\\/#breadcrumb\"},\"inLanguage\":\"ht\",\"potentialAction\":[{\"@type\":\"ReadAction\",\"target\":[\"https:\\\/\\\/napvann.com\\\/refund_returns\\\/\"]}]},{\"@type\":\"BreadcrumbList\",\"@id\":\"https:\\\/\\\/napvann.com\\\/refund_returns\\\/#breadcrumb\",\"itemListElement\":[{\"@type\":\"ListItem\",\"position\":1,\"name\":\"Home\",\"item\":\"https:\\\/\\\/napvann.com\\\/\"},{\"@type\":\"ListItem\",\"position\":2,\"name\":\"Refund and Returns Policy\"}]},{\"@type\":\"WebSite\",\"@id\":\"https:\\\/\\\/napvann.com\\\/en\\\/#website\",\"url\":\"https:\\\/\\\/napvann.com\\\/en\\\/\",\"name\":\"NapVan'n\",\"description\":\"We are selling\",\"publisher\":{\"@id\":\"https:\\\/\\\/napvann.com\\\/en\\\/#\\\/schema\\\/person\\\/c0dd6af414b0e8d261852844043be3d4\"},\"potentialAction\":[{\"@type\":\"SearchAction\",\"target\":{\"@type\":\"EntryPoint\",\"urlTemplate\":\"https:\\\/\\\/napvann.com\\\/en\\\/?s={search_term_string}\"},\"query-input\":{\"@type\":\"PropertyValueSpecification\",\"valueRequired\":true,\"valueName\":\"search_term_string\"}}],\"inLanguage\":\"ht\"},{\"@type\":[\"Person\",\"Organization\"],\"@id\":\"https:\\\/\\\/napvann.com\\\/en\\\/#\\\/schema\\\/person\\\/c0dd6af414b0e8d261852844043be3d4\",\"name\":\"T3l3l0u\",\"image\":{\"@type\":\"ImageObject\",\"inLanguage\":\"ht\",\"@id\":\"https:\\\/\\\/napvann.com\\\/wp-content\\\/uploads\\\/2023\\\/10\\\/cropped-napvann-ratina.png\",\"url\":\"https:\\\/\\\/napvann.com\\\/wp-content\\\/uploads\\\/2023\\\/10\\\/cropped-napvann-ratina.png\",\"contentUrl\":\"https:\\\/\\\/napvann.com\\\/wp-content\\\/uploads\\\/2023\\\/10\\\/cropped-napvann-ratina.png\",\"width\":512,\"height\":512,\"caption\":\"T3l3l0u\"},\"logo\":{\"@id\":\"https:\\\/\\\/napvann.com\\\/wp-content\\\/uploads\\\/2023\\\/10\\\/cropped-napvann-ratina.png\"}}]}<\/script>\n<!-- \/ Yoast SEO plugin. -->","yoast_head_json":{"title":"Refund and Returns Policy - NapVan&#039;n","robots":{"index":"index","follow":"follow","max-snippet":"max-snippet:-1","max-image-preview":"max-image-preview:large","max-video-preview":"max-video-preview:-1"},"canonical":"https:\/\/napvann.com\/ht\/refund_returns\/","og_locale":"ht_HT","og_type":"article","og_title":"Refund and Returns Policy - NapVan&#039;n","og_description":"Overview Our refund and returns policy lasts 30 days. If 30 days have passed since your purchase, we can\u2019t offer","og_url":"https:\/\/napvann.com\/ht\/refund_returns\/","og_site_name":"NapVan&#039;n","article_modified_time":"2023-10-06T13:22:10+00:00","twitter_card":"summary_large_image","twitter_misc":{"Est. reading time":"3 minutes"},"schema":{"@context":"https:\/\/schema.org","@graph":[{"@type":"WebPage","@id":"https:\/\/napvann.com\/refund_returns\/","url":"https:\/\/napvann.com\/refund_returns\/","name":"Refund and Returns Policy - NapVan&#039;n","isPartOf":{"@id":"https:\/\/napvann.com\/en\/#website"},"datePublished":"2023-10-06T13:21:55+00:00","dateModified":"2023-10-06T13:22:10+00:00","breadcrumb":{"@id":"https:\/\/napvann.com\/refund_returns\/#breadcrumb"},"inLanguage":"ht","potentialAction":[{"@type":"ReadAction","target":["https:\/\/napvann.com\/refund_returns\/"]}]},{"@type":"BreadcrumbList","@id":"https:\/\/napvann.com\/refund_returns\/#breadcrumb","itemListElement":[{"@type":"ListItem","position":1,"name":"Home","item":"https:\/\/napvann.com\/"},{"@type":"ListItem","position":2,"name":"Refund and Returns Policy"}]},{"@type":"WebSite","@id":"https:\/\/napvann.com\/en\/#website","url":"https:\/\/napvann.com\/en\/","name":"NapVan'n","description":"We are selling","publisher":{"@id":"https:\/\/napvann.com\/en\/#\/schema\/person\/c0dd6af414b0e8d261852844043be3d4"},"potentialAction":[{"@type":"SearchAction","target":{"@type":"EntryPoint","urlTemplate":"https:\/\/napvann.com\/en\/?s={search_term_string}"},"query-input":{"@type":"PropertyValueSpecification","valueRequired":true,"valueName":"search_term_string"}}],"inLanguage":"ht"},{"@type":["Person","Organization"],"@id":"https:\/\/napvann.com\/en\/#\/schema\/person\/c0dd6af414b0e8d261852844043be3d4","name":"T3l3l0u","image":{"@type":"ImageObject","inLanguage":"ht","@id":"https:\/\/napvann.com\/wp-content\/uploads\/2023\/10\/cropped-napvann-ratina.png","url":"https:\/\/napvann.com\/wp-content\/uploads\/2023\/10\/cropped-napvann-ratina.png","contentUrl":"https:\/\/napvann.com\/wp-content\/uploads\/2023\/10\/cropped-napvann-ratina.png","width":512,"height":512,"caption":"T3l3l0u"},"logo":{"@id":"https:\/\/napvann.com\/wp-content\/uploads\/2023\/10\/cropped-napvann-ratina.png"}}]}},"_links":{"self":[{"href":"https:\/\/napvann.com\/ht\/wp-json\/wp\/v2\/pages\/12162","targetHints":{"allow":["GET"]}}],"collection":[{"href":"https:\/\/napvann.com\/ht\/wp-json\/wp\/v2\/pages"}],"about":[{"href":"https:\/\/napvann.com\/ht\/wp-json\/wp\/v2\/types\/page"}],"author":[{"embeddable":true,"href":"https:\/\/napvann.com\/ht\/wp-json\/wp\/v2\/users\/1"}],"replies":[{"embeddable":true,"href":"https:\/\/napvann.com\/ht\/wp-json\/wp\/v2\/comments?post=12162"}],"version-history":[{"count":0,"href":"https:\/\/napvann.com\/ht\/wp-json\/wp\/v2\/pages\/12162\/revisions"}],"wp:attachment":[{"href":"https:\/\/napvann.com\/ht\/wp-json\/wp\/v2\/media?parent=12162"}],"curies":[{"name":"wp","href":"https:\/\/api.w.org\/{rel}","templated":true}]}}