{"id":3694,"date":"2018-06-19T12:04:07","date_gmt":"2018-06-19T12:04:07","guid":{"rendered":"https:\/\/napvann.com\/?page_id=3694"},"modified":"2026-04-02T04:39:41","modified_gmt":"2026-04-02T04:39:41","slug":"cart","status":"publish","type":"page","link":"https:\/\/napvann.com\/fr\/cart\/","title":{"rendered":"Cart"},"content":{"rendered":"<div data-elementor-type=\"wp-page\" data-elementor-id=\"3694\" class=\"elementor elementor-3694\">\n\t\t\t\t\t\t<section class=\"elementor-section elementor-top-section elementor-element elementor-element-76739759 elementor-section-boxed elementor-section-height-default elementor-section-height-default wd-section-disabled\" data-id=\"76739759\" data-element_type=\"section\" data-e-type=\"section\">\n\t\t\t\t\t\t<div class=\"elementor-container elementor-column-gap-default\">\n\t\t\t\t\t<div class=\"elementor-column elementor-col-100 elementor-top-column elementor-element elementor-element-4f476d74\" data-id=\"4f476d74\" data-element_type=\"column\" data-e-type=\"column\">\n\t\t\t<div class=\"elementor-widget-wrap elementor-element-populated\">\n\t\t\t\t\t\t<div class=\"elementor-element elementor-element-79f86e8e elementor-widget elementor-widget-shortcode\" data-id=\"79f86e8e\" data-element_type=\"widget\" data-e-type=\"widget\" data-widget_type=\"shortcode.default\">\n\t\t\t\t<div class=\"elementor-widget-container\">\n\t\t\t\t\t\t\t<div class=\"elementor-shortcode\"><div class=\"woocommerce\"><div class=\"woocommerce-notices-wrapper\"><\/div><div class=\"wc-empty-cart-message\">\n\t<div class=\"cart-empty woocommerce-info\" role=\"status\">\n\t\tVotre panier est actuellement vide.\t<\/div>\n<\/div>\t\t<p class=\"cart-empty wd-empty-page\">\n\t\t\tVotre panier est actuellement vide.\t\t<\/p>\n\t\t\t\t\t\t<div class=\"wd-empty-page-text\">\n\t\t\t\tAvant de proc\u00e9der au paiement, vous devez ajouter certains produits \u00e0 votre panier.<br> Vous trouverez de nombreux produits int\u00e9ressants sur notre page &quot;Boutique&quot;.\t\t\t<\/div>\n\t\t\t\t<p class=\"return-to-shop\">\n\t\t<a class=\"button wc-backward\" href=\"https:\/\/napvann.com\/fr\/shop\/\">\n\t\t\tRetour \u00e0 la boutique\t\t<\/a>\n\t<\/p>\n<\/div><\/div>\n\t\t\t\t\t\t<\/div>\n\t\t\t\t<\/div>\n\t\t\t\t\t<\/div>\n\t\t<\/div>\n\t\t\t\t\t<\/div>\n\t\t<\/section>\n\t\t\t\t<section class=\"elementor-section elementor-top-section elementor-element elementor-element-2d36c36 elementor-section-boxed elementor-section-height-default elementor-section-height-default wd-section-disabled\" data-id=\"2d36c36\" data-element_type=\"section\" data-e-type=\"section\">\n\t\t\t\t\t\t<div class=\"elementor-container elementor-column-gap-default\">\n\t\t\t\t\t<div class=\"elementor-column elementor-col-100 elementor-top-column elementor-element elementor-element-c23a923\" data-id=\"c23a923\" data-element_type=\"column\" data-e-type=\"column\">\n\t\t\t<div class=\"elementor-widget-wrap\">\n\t\t\t\t\t\t\t<\/div>\n\t\t<\/div>\n\t\t\t\t\t<\/div>\n\t\t<\/section>\n\t\t\t\t<section class=\"elementor-section elementor-top-section elementor-element elementor-element-4edd0ff elementor-section-boxed elementor-section-height-default elementor-section-height-default wd-section-disabled\" data-id=\"4edd0ff\" data-element_type=\"section\" data-e-type=\"section\">\n\t\t\t\t\t\t<div class=\"elementor-container elementor-column-gap-default\">\n\t\t\t\t\t<div class=\"elementor-column elementor-col-100 elementor-top-column elementor-element elementor-element-c31328d\" data-id=\"c31328d\" data-element_type=\"column\" data-e-type=\"column\">\n\t\t\t<div class=\"elementor-widget-wrap elementor-element-populated\">\n\t\t\t\t\t\t\t<\/div>\n\t\t<\/div>\n\t\t\t\t\t<\/div>\n\t\t<\/section>\n\t\t\t\t<\/div>","protected":false},"excerpt":{"rendered":"","protected":false},"author":1,"featured_media":0,"parent":0,"menu_order":0,"comment_status":"closed","ping_status":"closed","template":"","meta":{"_acf_changed":false,"footnotes":""},"class_list":["post-3694","page","type-page","status-publish","hentry"],"acf":[],"yoast_head":"<!-- This site is optimized with the Yoast SEO plugin v27.3 - https:\/\/yoast.com\/product\/yoast-seo-wordpress\/ -->\n<title>Cool and affordable trendy outfits - trendy fashions - so urban Cart - NapVan&#039;n<\/title>\n<meta name=\"description\" content=\"Shop the latest fashion, electronics, home essentials, furniture, toys &amp; video games at napvann.com. Fast shipping, great prices, and secure checkout. Your one-stop online store for everything you need!\" \/>\n<meta name=\"robots\" content=\"index, follow, max-snippet:-1, max-image-preview:large, max-video-preview:-1\" \/>\n<link rel=\"canonical\" href=\"https:\/\/napvann.com\/fr\/cart\/\" \/>\n<meta property=\"og:locale\" content=\"fr_FR\" \/>\n<meta property=\"og:type\" content=\"article\" \/>\n<meta property=\"og:title\" content=\"Cool and affordable trendy outfits - trendy fashions - so urban Cart - NapVan&#039;n\" \/>\n<meta property=\"og:description\" content=\"Shop the latest fashion, electronics, home essentials, furniture, toys &amp; video games at napvann.com. Fast shipping, great prices, and secure checkout. Your one-stop online store for everything you need!\" \/>\n<meta property=\"og:url\" content=\"https:\/\/napvann.com\/fr\/cart\/\" \/>\n<meta property=\"og:site_name\" content=\"NapVan&#039;n\" \/>\n<meta property=\"article:modified_time\" content=\"2026-04-02T04:39:41+00:00\" \/>\n<meta name=\"twitter:card\" content=\"summary_large_image\" \/>\n<meta name=\"twitter:label1\" content=\"Dur\u00e9e de lecture estim\u00e9e\" \/>\n\t<meta name=\"twitter:data1\" content=\"1 minute\" \/>\n<script type=\"application\/ld+json\" class=\"yoast-schema-graph\">{\"@context\":\"https:\\\/\\\/schema.org\",\"@graph\":[{\"@type\":\"WebPage\",\"@id\":\"https:\\\/\\\/napvann.com\\\/cart\\\/\",\"url\":\"https:\\\/\\\/napvann.com\\\/cart\\\/\",\"name\":\"Cool and affordable trendy outfits - trendy fashions - so urban Cart - NapVan&#039;n\",\"isPartOf\":{\"@id\":\"https:\\\/\\\/napvann.com\\\/en\\\/#website\"},\"datePublished\":\"2018-06-19T12:04:07+00:00\",\"dateModified\":\"2026-04-02T04:39:41+00:00\",\"description\":\"Shop the latest fashion, electronics, home essentials, furniture, toys & video games at napvann.com. Fast shipping, great prices, and secure checkout. Your one-stop online store for everything you need!\",\"breadcrumb\":{\"@id\":\"https:\\\/\\\/napvann.com\\\/cart\\\/#breadcrumb\"},\"inLanguage\":\"fr-FR\",\"potentialAction\":[{\"@type\":\"ReadAction\",\"target\":[\"https:\\\/\\\/napvann.com\\\/cart\\\/\"]}]},{\"@type\":\"BreadcrumbList\",\"@id\":\"https:\\\/\\\/napvann.com\\\/cart\\\/#breadcrumb\",\"itemListElement\":[{\"@type\":\"ListItem\",\"position\":1,\"name\":\"Home\",\"item\":\"https:\\\/\\\/napvann.com\\\/\"},{\"@type\":\"ListItem\",\"position\":2,\"name\":\"Cart\"}]},{\"@type\":\"WebSite\",\"@id\":\"https:\\\/\\\/napvann.com\\\/en\\\/#website\",\"url\":\"https:\\\/\\\/napvann.com\\\/en\\\/\",\"name\":\"NapVan'n\",\"description\":\"We are selling\",\"publisher\":{\"@id\":\"https:\\\/\\\/napvann.com\\\/en\\\/#\\\/schema\\\/person\\\/c0dd6af414b0e8d261852844043be3d4\"},\"potentialAction\":[{\"@type\":\"SearchAction\",\"target\":{\"@type\":\"EntryPoint\",\"urlTemplate\":\"https:\\\/\\\/napvann.com\\\/en\\\/?s={search_term_string}\"},\"query-input\":{\"@type\":\"PropertyValueSpecification\",\"valueRequired\":true,\"valueName\":\"search_term_string\"}}],\"inLanguage\":\"fr-FR\"},{\"@type\":[\"Person\",\"Organization\"],\"@id\":\"https:\\\/\\\/napvann.com\\\/en\\\/#\\\/schema\\\/person\\\/c0dd6af414b0e8d261852844043be3d4\",\"name\":\"T3l3l0u\",\"image\":{\"@type\":\"ImageObject\",\"inLanguage\":\"fr-FR\",\"@id\":\"https:\\\/\\\/napvann.com\\\/wp-content\\\/uploads\\\/2023\\\/10\\\/cropped-napvann-ratina.png\",\"url\":\"https:\\\/\\\/napvann.com\\\/wp-content\\\/uploads\\\/2023\\\/10\\\/cropped-napvann-ratina.png\",\"contentUrl\":\"https:\\\/\\\/napvann.com\\\/wp-content\\\/uploads\\\/2023\\\/10\\\/cropped-napvann-ratina.png\",\"width\":512,\"height\":512,\"caption\":\"T3l3l0u\"},\"logo\":{\"@id\":\"https:\\\/\\\/napvann.com\\\/wp-content\\\/uploads\\\/2023\\\/10\\\/cropped-napvann-ratina.png\"}}]}<\/script>\n<!-- \/ Yoast SEO plugin. -->","yoast_head_json":{"title":"Cool and affordable trendy outfits - trendy fashions - so urban Cart - NapVan&#039;n","description":"Shop the latest fashion, electronics, home essentials, furniture, toys & video games at napvann.com. Fast shipping, great prices, and secure checkout. Your one-stop online store for everything you need!","robots":{"index":"index","follow":"follow","max-snippet":"max-snippet:-1","max-image-preview":"max-image-preview:large","max-video-preview":"max-video-preview:-1"},"canonical":"https:\/\/napvann.com\/fr\/cart\/","og_locale":"fr_FR","og_type":"article","og_title":"Cool and affordable trendy outfits - trendy fashions - so urban Cart - NapVan&#039;n","og_description":"Shop the latest fashion, electronics, home essentials, furniture, toys & video games at napvann.com. Fast shipping, great prices, and secure checkout. Your one-stop online store for everything you need!","og_url":"https:\/\/napvann.com\/fr\/cart\/","og_site_name":"NapVan&#039;n","article_modified_time":"2026-04-02T04:39:41+00:00","twitter_card":"summary_large_image","twitter_misc":{"Dur\u00e9e de lecture estim\u00e9e":"1 minute"},"schema":{"@context":"https:\/\/schema.org","@graph":[{"@type":"WebPage","@id":"https:\/\/napvann.com\/cart\/","url":"https:\/\/napvann.com\/cart\/","name":"Cool and affordable trendy outfits - trendy fashions - so urban Cart - NapVan&#039;n","isPartOf":{"@id":"https:\/\/napvann.com\/en\/#website"},"datePublished":"2018-06-19T12:04:07+00:00","dateModified":"2026-04-02T04:39:41+00:00","description":"Shop the latest fashion, electronics, home essentials, furniture, toys & video games at napvann.com. Fast shipping, great prices, and secure checkout. Your one-stop online store for everything you need!","breadcrumb":{"@id":"https:\/\/napvann.com\/cart\/#breadcrumb"},"inLanguage":"fr-FR","potentialAction":[{"@type":"ReadAction","target":["https:\/\/napvann.com\/cart\/"]}]},{"@type":"BreadcrumbList","@id":"https:\/\/napvann.com\/cart\/#breadcrumb","itemListElement":[{"@type":"ListItem","position":1,"name":"Home","item":"https:\/\/napvann.com\/"},{"@type":"ListItem","position":2,"name":"Cart"}]},{"@type":"WebSite","@id":"https:\/\/napvann.com\/en\/#website","url":"https:\/\/napvann.com\/en\/","name":"NapVan'n","description":"We are selling","publisher":{"@id":"https:\/\/napvann.com\/en\/#\/schema\/person\/c0dd6af414b0e8d261852844043be3d4"},"potentialAction":[{"@type":"SearchAction","target":{"@type":"EntryPoint","urlTemplate":"https:\/\/napvann.com\/en\/?s={search_term_string}"},"query-input":{"@type":"PropertyValueSpecification","valueRequired":true,"valueName":"search_term_string"}}],"inLanguage":"fr-FR"},{"@type":["Person","Organization"],"@id":"https:\/\/napvann.com\/en\/#\/schema\/person\/c0dd6af414b0e8d261852844043be3d4","name":"T3l3l0u","image":{"@type":"ImageObject","inLanguage":"fr-FR","@id":"https:\/\/napvann.com\/wp-content\/uploads\/2023\/10\/cropped-napvann-ratina.png","url":"https:\/\/napvann.com\/wp-content\/uploads\/2023\/10\/cropped-napvann-ratina.png","contentUrl":"https:\/\/napvann.com\/wp-content\/uploads\/2023\/10\/cropped-napvann-ratina.png","width":512,"height":512,"caption":"T3l3l0u"},"logo":{"@id":"https:\/\/napvann.com\/wp-content\/uploads\/2023\/10\/cropped-napvann-ratina.png"}}]}},"_links":{"self":[{"href":"https:\/\/napvann.com\/fr\/wp-json\/wp\/v2\/pages\/3694","targetHints":{"allow":["GET"]}}],"collection":[{"href":"https:\/\/napvann.com\/fr\/wp-json\/wp\/v2\/pages"}],"about":[{"href":"https:\/\/napvann.com\/fr\/wp-json\/wp\/v2\/types\/page"}],"author":[{"embeddable":true,"href":"https:\/\/napvann.com\/fr\/wp-json\/wp\/v2\/users\/1"}],"replies":[{"embeddable":true,"href":"https:\/\/napvann.com\/fr\/wp-json\/wp\/v2\/comments?post=3694"}],"version-history":[{"count":8,"href":"https:\/\/napvann.com\/fr\/wp-json\/wp\/v2\/pages\/3694\/revisions"}],"predecessor-version":[{"id":13438,"href":"https:\/\/napvann.com\/fr\/wp-json\/wp\/v2\/pages\/3694\/revisions\/13438"}],"wp:attachment":[{"href":"https:\/\/napvann.com\/fr\/wp-json\/wp\/v2\/media?parent=3694"}],"curies":[{"name":"wp","href":"https:\/\/api.w.org\/{rel}","templated":true}]}}